{"id":1334,"date":"2016-08-25T18:27:14","date_gmt":"2016-08-25T18:27:14","guid":{"rendered":"http:\/\/bufeteamieva.com.mx\/en\/noticias\/"},"modified":"2021-06-15T16:25:07","modified_gmt":"2021-06-15T16:25:07","slug":"news","status":"publish","type":"page","link":"https:\/\/bufeteamieva.com.mx\/en\/news\/","title":{"rendered":"News"},"content":{"rendered":"<div class=\"fusion-fullwidth fullwidth-box fusion-builder-row-1 hundred-percent-fullwidth non-hundred-percent-height-scrolling\" style=\"--awb-border-radius-top-left:0px;--awb-border-radius-top-right:0px;--awb-border-radius-bottom-right:0px;--awb-border-radius-bottom-left:0px;--awb-overflow:visible;--awb-flex-wrap:wrap;\" ><div class=\"fusion-builder-row fusion-row\"><div class=\"fusion-layout-column fusion_builder_column fusion-builder-column-0 fusion_builder_column_1_1 1_1 fusion-one-full fusion-column-first fusion-column-last fusion-column-no-min-height\" style=\"--awb-bg-size:cover;--awb-margin-bottom:0px;\"><div class=\"fusion-column-wrapper fusion-flex-column-wrapper-legacy\"><div class=\"fusion-blog-shortcode fusion-blog-shortcode-1 fusion-blog-archive fusion-blog-layout-medium-alternate fusion-blog-pagination\"><div class=\"fusion-posts-container fusion-posts-container-pagination fusion-blog-rollover\" data-pages=\"1\"><article id=\"blog-1-post-1690\" class=\"fusion-post-medium-alternate post-1690 post type-post status-publish format-standard hentry category-uncategorized\">\n<div class=\"fusion-date-and-formats\"><div class=\"fusion-date-box updated\"><span class=\"fusion-date\">26<\/span><span class=\"fusion-month-year\">08, 2016<\/span><\/div><div class=\"fusion-format-box\"><i class=\"awb-icon-pen\" aria-hidden=\"true\"><\/i><\/div><\/div>\t<style type=\"text\/css\">\n\t\t\n\t\t\n\t\t\n\t\t\n\t\t\t<\/style>\n\n\n<div class=\"fusion-post-content post-content\"><h2 class=\"blog-shortcode-post-title entry-title\"><a href=\"https:\/\/bufeteamieva.com.mx\/en\/chinos-tienen-tres-meses-para-solicitar-indemnizacion\/\">Chinos tienen tres  meses para solicitar indemnizaci\u00f3n<\/a><\/h2><p class=\"fusion-single-line-meta\">By <span class=\"vcard\"><span class=\"fn\"><a href=\"https:\/\/bufeteamieva.com.mx\/en\/author\/admin-2\/\" title=\"Posts by admin\" rel=\"author\">admin<\/a><\/span><\/span><span class=\"fusion-inline-sep\">|<\/span><span class=\"updated\" style=\"display:none;\">2021-06-15T16:25:10-05:00<\/span><span>August 26th, 2016<\/span><span class=\"fusion-inline-sep\">|<\/span>Categories: <a href=\"https:\/\/bufeteamieva.com.mx\/en\/category\/uncategorized\/\" rel=\"category tag\">Uncategorized<\/a><span class=\"fusion-inline-sep\">|<\/span><span class=\"fusion-comments\"><a href=\"https:\/\/bufeteamieva.com.mx\/en\/chinos-tienen-tres-meses-para-solicitar-indemnizacion\/#respond\">0 Comments<\/a><\/span><\/p><div class=\"fusion-post-content-container\"><p>Despu\u00e9s de que el presidente\u00a0Pe\u00f1a Nieto cancel\u00f3 la licitaci\u00f3n del tren M\u00e9xico-Quer\u00e9taro, el consorcio liderado por las\u00a0paraestatales China Railway Construction Corp. y CSR tiene tres meses para solicitar una indemnizaci\u00f3n,\u00a0de acuerdo con el Reglamento de [...]<\/p><\/div><\/div><div class=\"fusion-clearfix\"><\/div><div class=\"fusion-meta-info\"><div class=\"fusion-alignright\"><a class=\"fusion-read-more\" href=\"https:\/\/bufeteamieva.com.mx\/en\/chinos-tienen-tres-meses-para-solicitar-indemnizacion\/\" aria-label=\"More on Chinos tienen tres  meses para solicitar indemnizaci\u00f3n\">Read More<\/a><\/div><\/div><\/article>\n<article id=\"blog-1-post-1356\" class=\"fusion-post-medium-alternate post-1356 post type-post status-publish format-standard hentry category-uncategorized\">\n<div class=\"fusion-date-and-formats\"><div class=\"fusion-date-box updated\"><span class=\"fusion-date\">26<\/span><span class=\"fusion-month-year\">08, 2016<\/span><\/div><div class=\"fusion-format-box\"><i class=\"awb-icon-pen\" aria-hidden=\"true\"><\/i><\/div><\/div>\t<style type=\"text\/css\">\n\t\t\n\t\t\n\t\t\n\t\t\n\t\t\t<\/style>\n\n\n<div class=\"fusion-post-content post-content\"><h2 class=\"blog-shortcode-post-title entry-title\"><a href=\"https:\/\/bufeteamieva.com.mx\/en\/reformas-a-la-ley-de-caminos-puentes-y-autotransporte-federal-estudio-de-rentabilidad-economica-2\/\">REFORMAS A LA LEY DE CAMINOS, PUENTES Y AUTOTRANSPORTE FEDERAL. ESTUDIO DE RENTABILIDAD ECON\u00d3MICA<\/a><\/h2><p class=\"fusion-single-line-meta\">By <span class=\"vcard\"><span class=\"fn\"><a href=\"https:\/\/bufeteamieva.com.mx\/en\/author\/admin-2\/\" title=\"Posts by admin\" rel=\"author\">admin<\/a><\/span><\/span><span class=\"fusion-inline-sep\">|<\/span><span class=\"updated\" style=\"display:none;\">2021-06-15T16:25:10-05:00<\/span><span>August 26th, 2016<\/span><span class=\"fusion-inline-sep\">|<\/span>Categories: <a href=\"https:\/\/bufeteamieva.com.mx\/en\/category\/uncategorized\/\" rel=\"category tag\">Uncategorized<\/a><span class=\"fusion-inline-sep\">|<\/span><span class=\"fusion-comments\"><a href=\"https:\/\/bufeteamieva.com.mx\/en\/reformas-a-la-ley-de-caminos-puentes-y-autotransporte-federal-estudio-de-rentabilidad-economica-2\/#respond\">0 Comments<\/a><\/span><\/p><div class=\"fusion-post-content-container\"><p>La actual situaci\u00f3n de recorte presupuestario que est\u00e1 viviendo el Gobierno Federal, la necesidad de eficientar la utilizaci\u00f3n de recursos p\u00fablicos, as\u00ed como la intenci\u00f3n de atraer a la inversi\u00f3n privada en el desarrollo de [...]<\/p><\/div><\/div><div class=\"fusion-clearfix\"><\/div><div class=\"fusion-meta-info\"><div class=\"fusion-alignright\"><a class=\"fusion-read-more\" href=\"https:\/\/bufeteamieva.com.mx\/en\/reformas-a-la-ley-de-caminos-puentes-y-autotransporte-federal-estudio-de-rentabilidad-economica-2\/\" aria-label=\"More on REFORMAS A LA LEY DE CAMINOS, PUENTES Y AUTOTRANSPORTE FEDERAL. ESTUDIO DE RENTABILIDAD ECON\u00d3MICA\">Read More<\/a><\/div><\/div><\/article>\n<article id=\"blog-1-post-1692\" class=\"fusion-post-medium-alternate post-1692 post type-post status-publish format-standard hentry category-uncategorized\">\n<div class=\"fusion-date-and-formats\"><div class=\"fusion-date-box updated\"><span class=\"fusion-date\">25<\/span><span class=\"fusion-month-year\">08, 2016<\/span><\/div><div class=\"fusion-format-box\"><i class=\"awb-icon-pen\" aria-hidden=\"true\"><\/i><\/div><\/div>\t<style type=\"text\/css\">\n\t\t\n\t\t\n\t\t\n\t\t\n\t\t\t<\/style>\n\n\n<div class=\"fusion-post-content post-content\"><h2 class=\"blog-shortcode-post-title entry-title\"><a href=\"https:\/\/bufeteamieva.com.mx\/en\/en-que-consiste-el-exito-de-la-ampliacion-de-veracruz\/\">\u00bfEn qu\u00e9 consiste el \u00e9xito de la ampliaci\u00f3n de Veracruz?<\/a><\/h2><p class=\"fusion-single-line-meta\">By <span class=\"vcard\"><span class=\"fn\"><a href=\"https:\/\/bufeteamieva.com.mx\/en\/author\/admin-2\/\" title=\"Posts by admin\" rel=\"author\">admin<\/a><\/span><\/span><span class=\"fusion-inline-sep\">|<\/span><span class=\"updated\" style=\"display:none;\">2021-06-15T16:25:10-05:00<\/span><span>August 25th, 2016<\/span><span class=\"fusion-inline-sep\">|<\/span>Categories: <a href=\"https:\/\/bufeteamieva.com.mx\/en\/category\/uncategorized\/\" rel=\"category tag\">Uncategorized<\/a><span class=\"fusion-inline-sep\">|<\/span><span class=\"fusion-comments\"><a href=\"https:\/\/bufeteamieva.com.mx\/en\/en-que-consiste-el-exito-de-la-ampliacion-de-veracruz\/#respond\">0 Comments<\/a><\/span><\/p><div class=\"fusion-post-content-container\"><p>El 28 de abril pasado,\u00a0Presidencia de la Rep\u00fablica\u00a0dio a conocer el\u00a0Programa Nacional de Infraestructura (PNI) 2014-2018, en el que\u00a0se incluye como uno de los principales proyectos de inversi\u00f3n portuarios el de la ampliaci\u00f3n de Veracruz\u00a0hacia [...]<\/p><\/div><\/div><div class=\"fusion-clearfix\"><\/div><div class=\"fusion-meta-info\"><div class=\"fusion-alignright\"><a class=\"fusion-read-more\" href=\"https:\/\/bufeteamieva.com.mx\/en\/en-que-consiste-el-exito-de-la-ampliacion-de-veracruz\/\" aria-label=\"More on \u00bfEn qu\u00e9 consiste el \u00e9xito de la ampliaci\u00f3n de Veracruz?\">Read More<\/a><\/div><\/div><\/article>\n<\/div><\/div><div class=\"fusion-clearfix\"><\/div><\/div><\/div><\/div><\/div>\n","protected":false},"excerpt":{"rendered":"","protected":false},"author":8,"featured_media":0,"parent":0,"menu_order":0,"comment_status":"closed","ping_status":"closed","template":"","meta":{"footnotes":""},"class_list":["post-1334","page","type-page","status-publish","hentry"],"yoast_head":"<!-- This site is optimized with the Yoast SEO plugin v27.4 - https:\/\/yoast.com\/product\/yoast-seo-wordpress\/ -->\n<title>News - BUFETE AMIEVA &amp; ASOCIADOS<\/title>\n<meta name=\"robots\" content=\"index, follow, max-snippet:-1, max-image-preview:large, max-video-preview:-1\" \/>\n<link rel=\"canonical\" href=\"https:\/\/bufeteamieva.com.mx\/news\/\" \/>\n<meta property=\"og:locale\" content=\"en_US\" \/>\n<meta property=\"og:type\" content=\"article\" \/>\n<meta property=\"og:title\" content=\"News - BUFETE AMIEVA &amp; ASOCIADOS\" \/>\n<meta property=\"og:url\" content=\"https:\/\/bufeteamieva.com.mx\/news\/\" \/>\n<meta property=\"og:site_name\" content=\"BUFETE AMIEVA &amp; ASOCIADOS\" \/>\n<meta property=\"article:modified_time\" content=\"2021-06-15T16:25:07+00:00\" \/>\n<meta name=\"twitter:card\" content=\"summary_large_image\" \/>\n<meta name=\"twitter:label1\" content=\"Est. reading time\" \/>\n\t<meta name=\"twitter:data1\" content=\"1 minute\" \/>\n<script type=\"application\/ld+json\" class=\"yoast-schema-graph\">{\"@context\":\"https:\\\/\\\/schema.org\",\"@graph\":[{\"@type\":\"WebPage\",\"@id\":\"https:\\\/\\\/bufeteamieva.com.mx\\\/news\\\/\",\"url\":\"https:\\\/\\\/bufeteamieva.com.mx\\\/news\\\/\",\"name\":\"News - BUFETE AMIEVA &amp; ASOCIADOS\",\"isPartOf\":{\"@id\":\"https:\\\/\\\/bufeteamieva.com.mx\\\/#website\"},\"datePublished\":\"2016-08-25T18:27:14+00:00\",\"dateModified\":\"2021-06-15T16:25:07+00:00\",\"breadcrumb\":{\"@id\":\"https:\\\/\\\/bufeteamieva.com.mx\\\/news\\\/#breadcrumb\"},\"inLanguage\":\"en-US\",\"potentialAction\":[{\"@type\":\"ReadAction\",\"target\":[\"https:\\\/\\\/bufeteamieva.com.mx\\\/news\\\/\"]}]},{\"@type\":\"BreadcrumbList\",\"@id\":\"https:\\\/\\\/bufeteamieva.com.mx\\\/news\\\/#breadcrumb\",\"itemListElement\":[{\"@type\":\"ListItem\",\"position\":1,\"name\":\"Portada\",\"item\":\"https:\\\/\\\/bufeteamieva.com.mx\\\/en\\\/\"},{\"@type\":\"ListItem\",\"position\":2,\"name\":\"News\"}]},{\"@type\":\"WebSite\",\"@id\":\"https:\\\/\\\/bufeteamieva.com.mx\\\/#website\",\"url\":\"https:\\\/\\\/bufeteamieva.com.mx\\\/\",\"name\":\"BUFETE AMIEVA ASOCIADOS A.C.\",\"description\":\"Consideramos a nuestros clientes, como socios.\",\"alternateName\":\"BUFETE AMIEVA\",\"potentialAction\":[{\"@type\":\"SearchAction\",\"target\":{\"@type\":\"EntryPoint\",\"urlTemplate\":\"https:\\\/\\\/bufeteamieva.com.mx\\\/?s={search_term_string}\"},\"query-input\":{\"@type\":\"PropertyValueSpecification\",\"valueRequired\":true,\"valueName\":\"search_term_string\"}}],\"inLanguage\":\"en-US\"}]}<\/script>\n<!-- \/ Yoast SEO plugin. -->","yoast_head_json":{"title":"News - BUFETE AMIEVA &amp; ASOCIADOS","robots":{"index":"index","follow":"follow","max-snippet":"max-snippet:-1","max-image-preview":"max-image-preview:large","max-video-preview":"max-video-preview:-1"},"canonical":"https:\/\/bufeteamieva.com.mx\/news\/","og_locale":"en_US","og_type":"article","og_title":"News - BUFETE AMIEVA &amp; ASOCIADOS","og_url":"https:\/\/bufeteamieva.com.mx\/news\/","og_site_name":"BUFETE AMIEVA &amp; ASOCIADOS","article_modified_time":"2021-06-15T16:25:07+00:00","twitter_card":"summary_large_image","twitter_misc":{"Est. reading time":"1 minute"},"schema":{"@context":"https:\/\/schema.org","@graph":[{"@type":"WebPage","@id":"https:\/\/bufeteamieva.com.mx\/news\/","url":"https:\/\/bufeteamieva.com.mx\/news\/","name":"News - BUFETE AMIEVA &amp; ASOCIADOS","isPartOf":{"@id":"https:\/\/bufeteamieva.com.mx\/#website"},"datePublished":"2016-08-25T18:27:14+00:00","dateModified":"2021-06-15T16:25:07+00:00","breadcrumb":{"@id":"https:\/\/bufeteamieva.com.mx\/news\/#breadcrumb"},"inLanguage":"en-US","potentialAction":[{"@type":"ReadAction","target":["https:\/\/bufeteamieva.com.mx\/news\/"]}]},{"@type":"BreadcrumbList","@id":"https:\/\/bufeteamieva.com.mx\/news\/#breadcrumb","itemListElement":[{"@type":"ListItem","position":1,"name":"Portada","item":"https:\/\/bufeteamieva.com.mx\/en\/"},{"@type":"ListItem","position":2,"name":"News"}]},{"@type":"WebSite","@id":"https:\/\/bufeteamieva.com.mx\/#website","url":"https:\/\/bufeteamieva.com.mx\/","name":"BUFETE AMIEVA ASOCIADOS A.C.","description":"Consideramos a nuestros clientes, como socios.","alternateName":"BUFETE AMIEVA","potentialAction":[{"@type":"SearchAction","target":{"@type":"EntryPoint","urlTemplate":"https:\/\/bufeteamieva.com.mx\/?s={search_term_string}"},"query-input":{"@type":"PropertyValueSpecification","valueRequired":true,"valueName":"search_term_string"}}],"inLanguage":"en-US"}]}},"_links":{"self":[{"href":"https:\/\/bufeteamieva.com.mx\/en\/wp-json\/wp\/v2\/pages\/1334","targetHints":{"allow":["GET"]}}],"collection":[{"href":"https:\/\/bufeteamieva.com.mx\/en\/wp-json\/wp\/v2\/pages"}],"about":[{"href":"https:\/\/bufeteamieva.com.mx\/en\/wp-json\/wp\/v2\/types\/page"}],"author":[{"embeddable":true,"href":"https:\/\/bufeteamieva.com.mx\/en\/wp-json\/wp\/v2\/users\/8"}],"replies":[{"embeddable":true,"href":"https:\/\/bufeteamieva.com.mx\/en\/wp-json\/wp\/v2\/comments?post=1334"}],"version-history":[{"count":2,"href":"https:\/\/bufeteamieva.com.mx\/en\/wp-json\/wp\/v2\/pages\/1334\/revisions"}],"predecessor-version":[{"id":1962,"href":"https:\/\/bufeteamieva.com.mx\/en\/wp-json\/wp\/v2\/pages\/1334\/revisions\/1962"}],"wp:attachment":[{"href":"https:\/\/bufeteamieva.com.mx\/en\/wp-json\/wp\/v2\/media?parent=1334"}],"curies":[{"name":"wp","href":"https:\/\/api.w.org\/{rel}","templated":true}]}}